{"id":398,"date":"2023-08-27T15:11:21","date_gmt":"2023-08-27T13:11:21","guid":{"rendered":"http:\/\/pvoqvmx.cluster028.hosting.ovh.net\/?page_id=398"},"modified":"2024-02-10T09:46:37","modified_gmt":"2024-02-10T08:46:37","slug":"education","status":"publish","type":"page","link":"https:\/\/tonchienettoi.fr\/index.php\/education\/","title":{"rendered":"\u00c0 propos de moi"},"content":{"rendered":"\t\t<div data-elementor-type=\"wp-page\" data-elementor-id=\"398\" class=\"elementor elementor-398\">\n\t\t\t\t\t\t\t\t\t<section class=\"elementor-section elementor-top-section elementor-element elementor-element-ca1b374 elementor-section-content-middle elementor-section-boxed elementor-section-height-default elementor-section-height-default\" data-id=\"ca1b374\" data-element_type=\"section\">\n\t\t\t\t\t\t<div class=\"elementor-container elementor-column-gap-default\">\n\t\t\t\t\t<div class=\"elementor-column elementor-col-66 elementor-top-column elementor-element elementor-element-bbde89d\" data-id=\"bbde89d\" data-element_type=\"column\">\n\t\t\t<div class=\"elementor-widget-wrap elementor-element-populated\">\n\t\t\t\t\t\t\t\t<div class=\"elementor-element elementor-element-31fe507 elementor-widget elementor-widget-heading\" data-id=\"31fe507\" data-element_type=\"widget\" data-widget_type=\"heading.default\">\n\t\t\t\t<div class=\"elementor-widget-container\">\n\t\t\t<style>\/*! elementor - v3.15.0 - 20-08-2023 *\/\n.elementor-heading-title{padding:0;margin:0;line-height:1}.elementor-widget-heading .elementor-heading-title[class*=elementor-size-]>a{color:inherit;font-size:inherit;line-height:inherit}.elementor-widget-heading .elementor-heading-title.elementor-size-small{font-size:15px}.elementor-widget-heading .elementor-heading-title.elementor-size-medium{font-size:19px}.elementor-widget-heading .elementor-heading-title.elementor-size-large{font-size:29px}.elementor-widget-heading .elementor-heading-title.elementor-size-xl{font-size:39px}.elementor-widget-heading .elementor-heading-title.elementor-size-xxl{font-size:59px}<\/style><h2 class=\"elementor-heading-title elementor-size-default\">Anne Blauwart<\/h2>\t\t<\/div>\n\t\t\t\t<\/div>\n\t\t\t\t<div class=\"elementor-element elementor-element-76165dd elementor-widget elementor-widget-text-editor\" data-id=\"76165dd\" data-element_type=\"widget\" data-widget_type=\"text-editor.default\">\n\t\t\t\t<div class=\"elementor-widget-container\">\n\t\t\t<style>\/*! elementor - v3.15.0 - 20-08-2023 *\/\n.elementor-widget-text-editor.elementor-drop-cap-view-stacked .elementor-drop-cap{background-color:#69727d;color:#fff}.elementor-widget-text-editor.elementor-drop-cap-view-framed .elementor-drop-cap{color:#69727d;border:3px solid;background-color:transparent}.elementor-widget-text-editor:not(.elementor-drop-cap-view-default) .elementor-drop-cap{margin-top:8px}.elementor-widget-text-editor:not(.elementor-drop-cap-view-default) .elementor-drop-cap-letter{width:1em;height:1em}.elementor-widget-text-editor .elementor-drop-cap{float:left;text-align:center;line-height:1;font-size:50px}.elementor-widget-text-editor .elementor-drop-cap-letter{display:inline-block}<\/style>\t\t\t\t<p>\u00c9ducatrice Comportementaliste canin Passionn\u00e9e<\/p>\t\t\t\t\t\t<\/div>\n\t\t\t\t<\/div>\n\t\t\t\t\t<\/div>\n\t\t<\/div>\n\t\t\t\t<div class=\"elementor-column elementor-col-33 elementor-top-column elementor-element elementor-element-f71901a\" data-id=\"f71901a\" data-element_type=\"column\">\n\t\t\t<div class=\"elementor-widget-wrap elementor-element-populated\">\n\t\t\t\t\t\t\t\t<div class=\"elementor-element elementor-element-6905ce4 elementor-widget elementor-widget-image\" data-id=\"6905ce4\" data-element_type=\"widget\" data-widget_type=\"image.default\">\n\t\t\t\t<div class=\"elementor-widget-container\">\n\t\t\t<style>\/*! elementor - v3.15.0 - 20-08-2023 *\/\n.elementor-widget-image{text-align:center}.elementor-widget-image a{display:inline-block}.elementor-widget-image a img[src$=\".svg\"]{width:48px}.elementor-widget-image img{vertical-align:middle;display:inline-block}<\/style>\t\t\t\t\t\t\t\t\t\t\t\t<img loading=\"lazy\" decoding=\"async\" width=\"683\" height=\"1024\" src=\"https:\/\/tonchienettoi.fr\/wp-content\/uploads\/2023\/08\/DSC_3311-683x1024.jpg\" class=\"attachment-large size-large wp-image-248\" alt=\"Anne Blauwart - \u00c9ducatrice canin au travail avec 4 chiens\" srcset=\"https:\/\/tonchienettoi.fr\/wp-content\/uploads\/2023\/08\/DSC_3311-683x1024.jpg 683w, https:\/\/tonchienettoi.fr\/wp-content\/uploads\/2023\/08\/DSC_3311-200x300.jpg 200w, https:\/\/tonchienettoi.fr\/wp-content\/uploads\/2023\/08\/DSC_3311-768x1152.jpg 768w, https:\/\/tonchienettoi.fr\/wp-content\/uploads\/2023\/08\/DSC_3311-1024x1536.jpg 1024w, https:\/\/tonchienettoi.fr\/wp-content\/uploads\/2023\/08\/DSC_3311-1365x2048.jpg 1365w, https:\/\/tonchienettoi.fr\/wp-content\/uploads\/2023\/08\/DSC_3311-scaled.jpg 1707w\" sizes=\"auto, (max-width: 683px) 100vw, 683px\" \/>\t\t\t\t\t\t\t\t\t\t\t\t\t\t\t<\/div>\n\t\t\t\t<\/div>\n\t\t\t\t\t<\/div>\n\t\t<\/div>\n\t\t\t\t\t\t\t<\/div>\n\t\t<\/section>\n\t\t\t\t<section class=\"elementor-section elementor-top-section elementor-element elementor-element-320fe5b elementor-section-boxed elementor-section-height-default elementor-section-height-default\" data-id=\"320fe5b\" data-element_type=\"section\">\n\t\t\t\t\t\t<div class=\"elementor-container elementor-column-gap-default\">\n\t\t\t\t\t<div class=\"elementor-column elementor-col-100 elementor-top-column elementor-element elementor-element-024200e\" data-id=\"024200e\" data-element_type=\"column\">\n\t\t\t<div class=\"elementor-widget-wrap elementor-element-populated\">\n\t\t\t\t\t\t\t\t<div class=\"elementor-element elementor-element-e209434 elementor-widget elementor-widget-text-editor\" data-id=\"e209434\" data-element_type=\"widget\" data-widget_type=\"text-editor.default\">\n\t\t\t\t<div class=\"elementor-widget-container\">\n\t\t\t\t\t\t\t<p>Form\u00e9e par Vincent MARCHAL, m\u00e9thode EDUC DOG \u2122<\/p>\t\t\t\t\t\t<\/div>\n\t\t\t\t<\/div>\n\t\t\t\t<div class=\"elementor-element elementor-element-a068b98 elementor-widget elementor-widget-text-editor\" data-id=\"a068b98\" data-element_type=\"widget\" data-widget_type=\"text-editor.default\">\n\t\t\t\t<div class=\"elementor-widget-container\">\n\t\t\t\t\t\t\t<p>Une m\u00e9thode unique et r\u00e9volutionnaire pour \u00e9duquer tous types de chiens, quels que soient l\u2019\u00e2ge, la race, le caract\u00e8re ou encore le pass\u00e9 du chien et qui permet surtout de r\u00e9soudre <b>TOUS<\/b> les troubles du comportement.<\/p><p><span style=\"background-color: var( --e-global-color-e21586d ); color: var( --e-global-color-text ); font-family: var( --e-global-typography-text-font-family ), Sans-serif; font-size: var( --e-global-typography-text-font-size ); font-weight: var( --e-global-typography-text-font-weight );\">Cette m\u00e9thode positive mais non permissive s\u2019applique dans le respect total du chien et son bien-\u00eatre.<\/span><\/p><p><span style=\"background-color: var( --e-global-color-e21586d ); color: var( --e-global-color-text ); font-family: var( --e-global-typography-text-font-family ), Sans-serif; font-size: var( --e-global-typography-text-font-size ); font-weight: var( --e-global-typography-text-font-weight );\">Cette m\u00e9thode a d\u00e9j\u00e0 \u00e9t\u00e9 test\u00e9e et approuv\u00e9e sur des milliers de chiens.<\/span><\/p>\t\t\t\t\t\t<\/div>\n\t\t\t\t<\/div>\n\t\t\t\t\t<\/div>\n\t\t<\/div>\n\t\t\t\t\t\t\t<\/div>\n\t\t<\/section>\n\t\t\t\t<section class=\"elementor-section elementor-top-section elementor-element elementor-element-1c1bfe6 elementor-section-boxed elementor-section-height-default elementor-section-height-default\" data-id=\"1c1bfe6\" data-element_type=\"section\">\n\t\t\t\t\t\t<div class=\"elementor-container elementor-column-gap-default\">\n\t\t\t\t\t<div class=\"elementor-column elementor-col-100 elementor-top-column elementor-element elementor-element-b980f97\" data-id=\"b980f97\" data-element_type=\"column\">\n\t\t\t<div class=\"elementor-widget-wrap elementor-element-populated\">\n\t\t\t\t\t\t\t\t<div class=\"elementor-element elementor-element-5c4b7cd elementor-widget elementor-widget-image\" data-id=\"5c4b7cd\" data-element_type=\"widget\" data-widget_type=\"image.default\">\n\t\t\t\t<div class=\"elementor-widget-container\">\n\t\t\t\t\t\t\t\t\t\t\t\t\t\t\t<img loading=\"lazy\" decoding=\"async\" width=\"800\" height=\"529\" src=\"https:\/\/tonchienettoi.fr\/wp-content\/uploads\/2023\/08\/anne_educ_dog.69cc4f4-1.jpg\" class=\"attachment-large size-large wp-image-433\" alt=\"Anne Blauwart - Vincent Marchal (Educ-Dog)\" srcset=\"https:\/\/tonchienettoi.fr\/wp-content\/uploads\/2023\/08\/anne_educ_dog.69cc4f4-1.jpg 894w, https:\/\/tonchienettoi.fr\/wp-content\/uploads\/2023\/08\/anne_educ_dog.69cc4f4-1-300x198.jpg 300w, https:\/\/tonchienettoi.fr\/wp-content\/uploads\/2023\/08\/anne_educ_dog.69cc4f4-1-768x508.jpg 768w\" sizes=\"auto, (max-width: 800px) 100vw, 800px\" \/>\t\t\t\t\t\t\t\t\t\t\t\t\t\t\t<\/div>\n\t\t\t\t<\/div>\n\t\t\t\t\t<\/div>\n\t\t<\/div>\n\t\t\t\t\t\t\t<\/div>\n\t\t<\/section>\n\t\t\t\t<section class=\"elementor-section elementor-top-section elementor-element elementor-element-476b491 elementor-section-content-middle elementor-reverse-mobile elementor-section-boxed elementor-section-height-default elementor-section-height-default\" data-id=\"476b491\" data-element_type=\"section\">\n\t\t\t\t\t\t<div class=\"elementor-container elementor-column-gap-default\">\n\t\t\t\t\t<div class=\"elementor-column elementor-col-33 elementor-top-column elementor-element elementor-element-92d1148\" data-id=\"92d1148\" data-element_type=\"column\">\n\t\t\t<div class=\"elementor-widget-wrap elementor-element-populated\">\n\t\t\t\t\t\t\t\t<div class=\"elementor-element elementor-element-a2cc40a elementor-widget elementor-widget-image\" data-id=\"a2cc40a\" data-element_type=\"widget\" data-widget_type=\"image.default\">\n\t\t\t\t<div class=\"elementor-widget-container\">\n\t\t\t\t\t\t\t\t\t\t\t\t\t\t\t<img loading=\"lazy\" decoding=\"async\" width=\"800\" height=\"660\" src=\"https:\/\/tonchienettoi.fr\/wp-content\/uploads\/2024\/02\/Prefet_de_la_region_Provence-Alpes-Cote_dAzur.svg-1024x845.png\" class=\"attachment-large size-large wp-image-1131\" alt=\"\" srcset=\"https:\/\/tonchienettoi.fr\/wp-content\/uploads\/2024\/02\/Prefet_de_la_region_Provence-Alpes-Cote_dAzur.svg-1024x845.png 1024w, https:\/\/tonchienettoi.fr\/wp-content\/uploads\/2024\/02\/Prefet_de_la_region_Provence-Alpes-Cote_dAzur.svg-300x247.png 300w, https:\/\/tonchienettoi.fr\/wp-content\/uploads\/2024\/02\/Prefet_de_la_region_Provence-Alpes-Cote_dAzur.svg-768x633.png 768w, https:\/\/tonchienettoi.fr\/wp-content\/uploads\/2024\/02\/Prefet_de_la_region_Provence-Alpes-Cote_dAzur.svg-1536x1267.png 1536w, https:\/\/tonchienettoi.fr\/wp-content\/uploads\/2024\/02\/Prefet_de_la_region_Provence-Alpes-Cote_dAzur.svg-2048x1689.png 2048w\" sizes=\"auto, (max-width: 800px) 100vw, 800px\" \/>\t\t\t\t\t\t\t\t\t\t\t\t\t\t\t<\/div>\n\t\t\t\t<\/div>\n\t\t\t\t\t<\/div>\n\t\t<\/div>\n\t\t\t\t<div class=\"elementor-column elementor-col-66 elementor-top-column elementor-element elementor-element-140159a\" data-id=\"140159a\" data-element_type=\"column\">\n\t\t\t<div class=\"elementor-widget-wrap elementor-element-populated\">\n\t\t\t\t\t\t\t\t<div class=\"elementor-element elementor-element-8f4fbbf elementor-widget elementor-widget-text-editor\" data-id=\"8f4fbbf\" data-element_type=\"widget\" data-widget_type=\"text-editor.default\">\n\t\t\t\t<div class=\"elementor-widget-container\">\n\t\t\t\t\t\t\t<p><a href=\"https:\/\/draaf.auvergne-rhone-alpes.agriculture.gouv.fr\/acaced-attestation-de-connaissances-pour-les-animaux-de-compagnie-d-especes-a500.html\" target=\"_blank\" rel=\"noopener\">Titulaire de l&rsquo;ACACED<\/a><\/p>\t\t\t\t\t\t<\/div>\n\t\t\t\t<\/div>\n\t\t\t\t<div class=\"elementor-element elementor-element-8533bf8 elementor-widget elementor-widget-text-editor\" data-id=\"8533bf8\" data-element_type=\"widget\" data-widget_type=\"text-editor.default\">\n\t\t\t\t<div class=\"elementor-widget-container\">\n\t\t\t\t\t\t\t<p>Attestation de Connaissances relatives aux activit\u00e9s li\u00e9es aux Animaux de Compagnie d\u2019Esp\u00e8ces Domestiques.<\/p>\t\t\t\t\t\t<\/div>\n\t\t\t\t<\/div>\n\t\t\t\t\t<\/div>\n\t\t<\/div>\n\t\t\t\t\t\t\t<\/div>\n\t\t<\/section>\n\t\t\t\t\t\t\t<\/div>\n\t\t","protected":false},"excerpt":{"rendered":"<p>Anne Blauwart \u00c9ducatrice Comportementaliste canin Passionn\u00e9e Form\u00e9e par Vincent MARCHAL, m\u00e9thode EDUC DOG \u2122 Une m\u00e9thode unique et r\u00e9volutionnaire pour \u00e9duquer tous types de chiens, quels que soient l\u2019\u00e2ge, la race, le caract\u00e8re ou encore le pass\u00e9 du chien et qui permet surtout de r\u00e9soudre TOUS les troubles du comportement. Cette m\u00e9thode positive mais non [&hellip;]<\/p>\n","protected":false},"author":1,"featured_media":0,"parent":0,"menu_order":0,"comment_status":"closed","ping_status":"closed","template":"","meta":{"footnotes":""},"class_list":["post-398","page","type-page","status-publish","hentry"],"yoast_head":"<!-- This site is optimized with the Yoast SEO plugin v21.0 - https:\/\/yoast.com\/wordpress\/plugins\/seo\/ -->\n<title>\u00c0 propos de moi - Ton Chien et toi<\/title>\n<meta name=\"robots\" content=\"index, follow, max-snippet:-1, max-image-preview:large, max-video-preview:-1\" \/>\n<link rel=\"canonical\" href=\"https:\/\/tonchienettoi.fr\/index.php\/education\/\" \/>\n<meta property=\"og:locale\" content=\"fr_FR\" \/>\n<meta property=\"og:type\" content=\"article\" \/>\n<meta property=\"og:title\" content=\"\u00c0 propos de moi - Ton Chien et toi\" \/>\n<meta property=\"og:description\" content=\"Anne Blauwart \u00c9ducatrice Comportementaliste canin Passionn\u00e9e Form\u00e9e par Vincent MARCHAL, m\u00e9thode EDUC DOG \u2122 Une m\u00e9thode unique et r\u00e9volutionnaire pour \u00e9duquer tous types de chiens, quels que soient l\u2019\u00e2ge, la race, le caract\u00e8re ou encore le pass\u00e9 du chien et qui permet surtout de r\u00e9soudre TOUS les troubles du comportement. Cette m\u00e9thode positive mais non [&hellip;]\" \/>\n<meta property=\"og:url\" content=\"https:\/\/tonchienettoi.fr\/index.php\/education\/\" \/>\n<meta property=\"og:site_name\" content=\"Ton Chien et toi\" \/>\n<meta property=\"article:publisher\" content=\"https:\/\/www.facebook.com\/Tonchienettoi\" \/>\n<meta property=\"article:modified_time\" content=\"2024-02-10T08:46:37+00:00\" \/>\n<meta property=\"og:image\" content=\"http:\/\/tonchienettoi.fr\/wp-content\/uploads\/2023\/08\/DSC_3311-683x1024.jpg\" \/>\n<meta name=\"twitter:card\" content=\"summary_large_image\" \/>\n<meta name=\"twitter:label1\" content=\"Dur\u00e9e de lecture estim\u00e9e\" \/>\n\t<meta name=\"twitter:data1\" content=\"2 minutes\" \/>\n<script type=\"application\/ld+json\" class=\"yoast-schema-graph\">{\"@context\":\"https:\/\/schema.org\",\"@graph\":[{\"@type\":\"WebPage\",\"@id\":\"https:\/\/tonchienettoi.fr\/index.php\/education\/\",\"url\":\"https:\/\/tonchienettoi.fr\/index.php\/education\/\",\"name\":\"\u00c0 propos de moi - Ton Chien et toi\",\"isPartOf\":{\"@id\":\"https:\/\/tonchienettoi.fr\/#website\"},\"datePublished\":\"2023-08-27T13:11:21+00:00\",\"dateModified\":\"2024-02-10T08:46:37+00:00\",\"breadcrumb\":{\"@id\":\"https:\/\/tonchienettoi.fr\/index.php\/education\/#breadcrumb\"},\"inLanguage\":\"fr-FR\",\"potentialAction\":[{\"@type\":\"ReadAction\",\"target\":[\"https:\/\/tonchienettoi.fr\/index.php\/education\/\"]}]},{\"@type\":\"BreadcrumbList\",\"@id\":\"https:\/\/tonchienettoi.fr\/index.php\/education\/#breadcrumb\",\"itemListElement\":[{\"@type\":\"ListItem\",\"position\":1,\"name\":\"Accueil\",\"item\":\"https:\/\/tonchienettoi.fr\/\"},{\"@type\":\"ListItem\",\"position\":2,\"name\":\"\u00c0 propos de moi\"}]},{\"@type\":\"WebSite\",\"@id\":\"https:\/\/tonchienettoi.fr\/#website\",\"url\":\"https:\/\/tonchienettoi.fr\/\",\"name\":\"Ton Chien et toi\",\"description\":\"\",\"publisher\":{\"@id\":\"https:\/\/tonchienettoi.fr\/#\/schema\/person\/9afd7728814659ab17da765fc18613be\"},\"potentialAction\":[{\"@type\":\"SearchAction\",\"target\":{\"@type\":\"EntryPoint\",\"urlTemplate\":\"https:\/\/tonchienettoi.fr\/?s={search_term_string}\"},\"query-input\":\"required name=search_term_string\"}],\"inLanguage\":\"fr-FR\"},{\"@type\":[\"Person\",\"Organization\"],\"@id\":\"https:\/\/tonchienettoi.fr\/#\/schema\/person\/9afd7728814659ab17da765fc18613be\",\"name\":\"admin8811\",\"image\":{\"@type\":\"ImageObject\",\"inLanguage\":\"fr-FR\",\"@id\":\"https:\/\/tonchienettoi.fr\/#\/schema\/person\/image\/\",\"url\":\"http:\/\/pvoqvmx.cluster028.hosting.ovh.net\/wp-content\/uploads\/2023\/08\/Calque-2.png\",\"contentUrl\":\"http:\/\/pvoqvmx.cluster028.hosting.ovh.net\/wp-content\/uploads\/2023\/08\/Calque-2.png\",\"width\":383,\"height\":387,\"caption\":\"admin8811\"},\"logo\":{\"@id\":\"https:\/\/tonchienettoi.fr\/#\/schema\/person\/image\/\"},\"sameAs\":[\"http:\/\/pvoqvmx.cluster028.hosting.ovh.net\",\"https:\/\/www.facebook.com\/Tonchienettoi\",\"https:\/\/www.instagram.com\/tonchienettoi\/\"]}]}<\/script>\n<!-- \/ Yoast SEO plugin. -->","yoast_head_json":{"title":"\u00c0 propos de moi - Ton Chien et toi","robots":{"index":"index","follow":"follow","max-snippet":"max-snippet:-1","max-image-preview":"max-image-preview:large","max-video-preview":"max-video-preview:-1"},"canonical":"https:\/\/tonchienettoi.fr\/index.php\/education\/","og_locale":"fr_FR","og_type":"article","og_title":"\u00c0 propos de moi - Ton Chien et toi","og_description":"Anne Blauwart \u00c9ducatrice Comportementaliste canin Passionn\u00e9e Form\u00e9e par Vincent MARCHAL, m\u00e9thode EDUC DOG \u2122 Une m\u00e9thode unique et r\u00e9volutionnaire pour \u00e9duquer tous types de chiens, quels que soient l\u2019\u00e2ge, la race, le caract\u00e8re ou encore le pass\u00e9 du chien et qui permet surtout de r\u00e9soudre TOUS les troubles du comportement. Cette m\u00e9thode positive mais non [&hellip;]","og_url":"https:\/\/tonchienettoi.fr\/index.php\/education\/","og_site_name":"Ton Chien et toi","article_publisher":"https:\/\/www.facebook.com\/Tonchienettoi","article_modified_time":"2024-02-10T08:46:37+00:00","og_image":[{"url":"http:\/\/tonchienettoi.fr\/wp-content\/uploads\/2023\/08\/DSC_3311-683x1024.jpg"}],"twitter_card":"summary_large_image","twitter_misc":{"Dur\u00e9e de lecture estim\u00e9e":"2 minutes"},"schema":{"@context":"https:\/\/schema.org","@graph":[{"@type":"WebPage","@id":"https:\/\/tonchienettoi.fr\/index.php\/education\/","url":"https:\/\/tonchienettoi.fr\/index.php\/education\/","name":"\u00c0 propos de moi - Ton Chien et toi","isPartOf":{"@id":"https:\/\/tonchienettoi.fr\/#website"},"datePublished":"2023-08-27T13:11:21+00:00","dateModified":"2024-02-10T08:46:37+00:00","breadcrumb":{"@id":"https:\/\/tonchienettoi.fr\/index.php\/education\/#breadcrumb"},"inLanguage":"fr-FR","potentialAction":[{"@type":"ReadAction","target":["https:\/\/tonchienettoi.fr\/index.php\/education\/"]}]},{"@type":"BreadcrumbList","@id":"https:\/\/tonchienettoi.fr\/index.php\/education\/#breadcrumb","itemListElement":[{"@type":"ListItem","position":1,"name":"Accueil","item":"https:\/\/tonchienettoi.fr\/"},{"@type":"ListItem","position":2,"name":"\u00c0 propos de moi"}]},{"@type":"WebSite","@id":"https:\/\/tonchienettoi.fr\/#website","url":"https:\/\/tonchienettoi.fr\/","name":"Ton Chien et toi","description":"","publisher":{"@id":"https:\/\/tonchienettoi.fr\/#\/schema\/person\/9afd7728814659ab17da765fc18613be"},"potentialAction":[{"@type":"SearchAction","target":{"@type":"EntryPoint","urlTemplate":"https:\/\/tonchienettoi.fr\/?s={search_term_string}"},"query-input":"required name=search_term_string"}],"inLanguage":"fr-FR"},{"@type":["Person","Organization"],"@id":"https:\/\/tonchienettoi.fr\/#\/schema\/person\/9afd7728814659ab17da765fc18613be","name":"admin8811","image":{"@type":"ImageObject","inLanguage":"fr-FR","@id":"https:\/\/tonchienettoi.fr\/#\/schema\/person\/image\/","url":"http:\/\/pvoqvmx.cluster028.hosting.ovh.net\/wp-content\/uploads\/2023\/08\/Calque-2.png","contentUrl":"http:\/\/pvoqvmx.cluster028.hosting.ovh.net\/wp-content\/uploads\/2023\/08\/Calque-2.png","width":383,"height":387,"caption":"admin8811"},"logo":{"@id":"https:\/\/tonchienettoi.fr\/#\/schema\/person\/image\/"},"sameAs":["http:\/\/pvoqvmx.cluster028.hosting.ovh.net","https:\/\/www.facebook.com\/Tonchienettoi","https:\/\/www.instagram.com\/tonchienettoi\/"]}]}},"_links":{"self":[{"href":"https:\/\/tonchienettoi.fr\/index.php\/wp-json\/wp\/v2\/pages\/398","targetHints":{"allow":["GET"]}}],"collection":[{"href":"https:\/\/tonchienettoi.fr\/index.php\/wp-json\/wp\/v2\/pages"}],"about":[{"href":"https:\/\/tonchienettoi.fr\/index.php\/wp-json\/wp\/v2\/types\/page"}],"author":[{"embeddable":true,"href":"https:\/\/tonchienettoi.fr\/index.php\/wp-json\/wp\/v2\/users\/1"}],"replies":[{"embeddable":true,"href":"https:\/\/tonchienettoi.fr\/index.php\/wp-json\/wp\/v2\/comments?post=398"}],"version-history":[{"count":55,"href":"https:\/\/tonchienettoi.fr\/index.php\/wp-json\/wp\/v2\/pages\/398\/revisions"}],"predecessor-version":[{"id":1134,"href":"https:\/\/tonchienettoi.fr\/index.php\/wp-json\/wp\/v2\/pages\/398\/revisions\/1134"}],"wp:attachment":[{"href":"https:\/\/tonchienettoi.fr\/index.php\/wp-json\/wp\/v2\/media?parent=398"}],"curies":[{"name":"wp","href":"https:\/\/api.w.org\/{rel}","templated":true}]}}